{"id":39,"date":"2024-03-23T21:56:31","date_gmt":"2024-03-23T21:56:31","guid":{"rendered":"https:\/\/lavilladecolores.com\/?page_id=39"},"modified":"2024-03-25T17:49:17","modified_gmt":"2024-03-25T17:49:17","slug":"quienes-somos","status":"publish","type":"page","link":"https:\/\/lavilladecolores.com\/index.php\/quienes-somos\/","title":{"rendered":"\u00bfQuienes Somos?"},"content":{"rendered":"\n<p class=\"has-black-color has-luminous-vivid-orange-background-color has-text-color has-background has-link-color wp-elements-fb361aa11665081691008ac635d71875\">\u00a1Bienvenidos a La Villa de Colores ! Somos tu mejor opci\u00f3n para la educaci\u00f3n inicial y preescolar en la  Ciudad de Guatemala. En nuestro colegio, los ni\u00f1os de 1 a 6 a\u00f1os aprenden y se divierten al m\u00e1ximo.<\/p>\n\n\n\n<p class=\"has-black-color has-vivid-purple-background-color has-text-color has-background has-link-color wp-elements-55f38f2326dfd3eedda91778e9fa8d1c\">Nuestro equipo est\u00e1 compuesto por maestras altamente cualificadas y comprometidas con el desarrollo integral de cada alumno. Seguimos una metodolog\u00eda de ense\u00f1anza ecl\u00e9ctica, inspirada en el Constructivismo, las ense\u00f1anzas de Piaget y Mar\u00eda Montessori, para estimular el aprendizaje activo y la creatividad de los ni\u00f1os.<\/p>\n\n\n\n<p class=\"has-black-color has-vivid-cyan-blue-background-color has-text-color has-background has-link-color wp-elements-adc64e316969f17fbf83177063f3f5f0\">Nuestras instalaciones est\u00e1n dise\u00f1adas pensando en el bienestar y la seguridad de los ni\u00f1os, ofreciendo espacios c\u00f3modos y estimulantes para el juego y la exploraci\u00f3n. Adem\u00e1s, estamos convenientemente ubicados en el centro de la ciudad, lo que facilita el acceso a las familias de la comunidad.<\/p>\n\n\n\n<p class=\"has-black-color has-pale-pink-background-color has-text-color has-background has-link-color wp-elements-ecb1554919585eb72b00699245aa5cba\">En La Villa de Colores, nos enorgullece ser una instituci\u00f3n inclusiva, comprometida con la diversidad y la igualdad de oportunidades. Aceptamos y apoyamos a ni\u00f1os con necesidades educativas especiales, proporcionando recursos adicionales para garantizar su \u00e9xito acad\u00e9mico y emocional.<\/p>\n\n\n\n<p class=\"has-black-color has-vivid-green-cyan-background-color has-text-color has-background has-link-color wp-elements-a9b4977576369b4b1933f117d195c038\">\u00danete a nosotros en este emocionante viaje educativo y descubre el potencial de tu hijo en el Colegio La Villa de Colores.<\/p>\n","protected":false},"excerpt":{"rendered":"<p>\u00a1Bienvenidos a La Villa de Colores ! Somos tu mejor opci\u00f3n para la educaci\u00f3n inicial y preescolar en la Ciudad de Guatemala. En nuestro colegio, los ni\u00f1os de 1 a 6 a\u00f1os aprenden y se divierten al m\u00e1ximo. Nuestro equipo est\u00e1 compuesto por maestras altamente cualificadas y comprometidas con el desarrollo integral de cada alumno. [&hellip;]<\/p>\n","protected":false},"author":1,"featured_media":0,"parent":0,"menu_order":0,"comment_status":"closed","ping_status":"closed","template":"","meta":{"footnotes":""},"class_list":["post-39","page","type-page","status-publish","hentry"],"yoast_head":"<!-- This site is optimized with the Yoast SEO plugin v27.4 - https:\/\/yoast.com\/product\/yoast-seo-wordpress\/ -->\n<title>\u00bfQuienes Somos? - La Villa de Colores<\/title>\n<meta name=\"robots\" content=\"index, follow, max-snippet:-1, max-image-preview:large, max-video-preview:-1\" \/>\n<link rel=\"canonical\" href=\"https:\/\/lavilladecolores.com\/index.php\/quienes-somos\/\" \/>\n<meta property=\"og:locale\" content=\"es_ES\" \/>\n<meta property=\"og:type\" content=\"article\" \/>\n<meta property=\"og:title\" content=\"\u00bfQuienes Somos? - La Villa de Colores\" \/>\n<meta property=\"og:description\" content=\"\u00a1Bienvenidos a La Villa de Colores ! Somos tu mejor opci\u00f3n para la educaci\u00f3n inicial y preescolar en la Ciudad de Guatemala. En nuestro colegio, los ni\u00f1os de 1 a 6 a\u00f1os aprenden y se divierten al m\u00e1ximo. Nuestro equipo est\u00e1 compuesto por maestras altamente cualificadas y comprometidas con el desarrollo integral de cada alumno. [&hellip;]\" \/>\n<meta property=\"og:url\" content=\"https:\/\/lavilladecolores.com\/index.php\/quienes-somos\/\" \/>\n<meta property=\"og:site_name\" content=\"La Villa de Colores\" \/>\n<meta property=\"article:publisher\" content=\"https:\/\/www.facebook.com\/lavilladecolores\" \/>\n<meta property=\"article:modified_time\" content=\"2024-03-25T17:49:17+00:00\" \/>\n<meta name=\"twitter:card\" content=\"summary_large_image\" \/>\n<meta name=\"twitter:label1\" content=\"Tiempo de lectura\" \/>\n\t<meta name=\"twitter:data1\" content=\"1 minuto\" \/>\n<script type=\"application\/ld+json\" class=\"yoast-schema-graph\">{\"@context\":\"https:\\\/\\\/schema.org\",\"@graph\":[{\"@type\":\"WebPage\",\"@id\":\"https:\\\/\\\/lavilladecolores.com\\\/index.php\\\/quienes-somos\\\/\",\"url\":\"https:\\\/\\\/lavilladecolores.com\\\/index.php\\\/quienes-somos\\\/\",\"name\":\"\u00bfQuienes Somos? - La Villa de Colores\",\"isPartOf\":{\"@id\":\"https:\\\/\\\/lavilladecolores.com\\\/#website\"},\"datePublished\":\"2024-03-23T21:56:31+00:00\",\"dateModified\":\"2024-03-25T17:49:17+00:00\",\"breadcrumb\":{\"@id\":\"https:\\\/\\\/lavilladecolores.com\\\/index.php\\\/quienes-somos\\\/#breadcrumb\"},\"inLanguage\":\"es\",\"potentialAction\":[{\"@type\":\"ReadAction\",\"target\":[\"https:\\\/\\\/lavilladecolores.com\\\/index.php\\\/quienes-somos\\\/\"]}]},{\"@type\":\"BreadcrumbList\",\"@id\":\"https:\\\/\\\/lavilladecolores.com\\\/index.php\\\/quienes-somos\\\/#breadcrumb\",\"itemListElement\":[{\"@type\":\"ListItem\",\"position\":1,\"name\":\"Portada\",\"item\":\"https:\\\/\\\/lavilladecolores.com\\\/\"},{\"@type\":\"ListItem\",\"position\":2,\"name\":\"\u00bfQuienes Somos?\"}]},{\"@type\":\"WebSite\",\"@id\":\"https:\\\/\\\/lavilladecolores.com\\\/#website\",\"url\":\"https:\\\/\\\/lavilladecolores.com\\\/\",\"name\":\"La Villa de Colores\",\"description\":\"\u00a1Tu color es tu poder!\",\"potentialAction\":[{\"@type\":\"SearchAction\",\"target\":{\"@type\":\"EntryPoint\",\"urlTemplate\":\"https:\\\/\\\/lavilladecolores.com\\\/?s={search_term_string}\"},\"query-input\":{\"@type\":\"PropertyValueSpecification\",\"valueRequired\":true,\"valueName\":\"search_term_string\"}}],\"inLanguage\":\"es\"}]}<\/script>\n<!-- \/ Yoast SEO plugin. -->","yoast_head_json":{"title":"\u00bfQuienes Somos? - La Villa de Colores","robots":{"index":"index","follow":"follow","max-snippet":"max-snippet:-1","max-image-preview":"max-image-preview:large","max-video-preview":"max-video-preview:-1"},"canonical":"https:\/\/lavilladecolores.com\/index.php\/quienes-somos\/","og_locale":"es_ES","og_type":"article","og_title":"\u00bfQuienes Somos? - La Villa de Colores","og_description":"\u00a1Bienvenidos a La Villa de Colores ! Somos tu mejor opci\u00f3n para la educaci\u00f3n inicial y preescolar en la Ciudad de Guatemala. En nuestro colegio, los ni\u00f1os de 1 a 6 a\u00f1os aprenden y se divierten al m\u00e1ximo. Nuestro equipo est\u00e1 compuesto por maestras altamente cualificadas y comprometidas con el desarrollo integral de cada alumno. [&hellip;]","og_url":"https:\/\/lavilladecolores.com\/index.php\/quienes-somos\/","og_site_name":"La Villa de Colores","article_publisher":"https:\/\/www.facebook.com\/lavilladecolores","article_modified_time":"2024-03-25T17:49:17+00:00","twitter_card":"summary_large_image","twitter_misc":{"Tiempo de lectura":"1 minuto"},"schema":{"@context":"https:\/\/schema.org","@graph":[{"@type":"WebPage","@id":"https:\/\/lavilladecolores.com\/index.php\/quienes-somos\/","url":"https:\/\/lavilladecolores.com\/index.php\/quienes-somos\/","name":"\u00bfQuienes Somos? - La Villa de Colores","isPartOf":{"@id":"https:\/\/lavilladecolores.com\/#website"},"datePublished":"2024-03-23T21:56:31+00:00","dateModified":"2024-03-25T17:49:17+00:00","breadcrumb":{"@id":"https:\/\/lavilladecolores.com\/index.php\/quienes-somos\/#breadcrumb"},"inLanguage":"es","potentialAction":[{"@type":"ReadAction","target":["https:\/\/lavilladecolores.com\/index.php\/quienes-somos\/"]}]},{"@type":"BreadcrumbList","@id":"https:\/\/lavilladecolores.com\/index.php\/quienes-somos\/#breadcrumb","itemListElement":[{"@type":"ListItem","position":1,"name":"Portada","item":"https:\/\/lavilladecolores.com\/"},{"@type":"ListItem","position":2,"name":"\u00bfQuienes Somos?"}]},{"@type":"WebSite","@id":"https:\/\/lavilladecolores.com\/#website","url":"https:\/\/lavilladecolores.com\/","name":"La Villa de Colores","description":"\u00a1Tu color es tu poder!","potentialAction":[{"@type":"SearchAction","target":{"@type":"EntryPoint","urlTemplate":"https:\/\/lavilladecolores.com\/?s={search_term_string}"},"query-input":{"@type":"PropertyValueSpecification","valueRequired":true,"valueName":"search_term_string"}}],"inLanguage":"es"}]}},"jetpack-related-posts":[],"jetpack_sharing_enabled":true,"_links":{"self":[{"href":"https:\/\/lavilladecolores.com\/index.php\/wp-json\/wp\/v2\/pages\/39","targetHints":{"allow":["GET"]}}],"collection":[{"href":"https:\/\/lavilladecolores.com\/index.php\/wp-json\/wp\/v2\/pages"}],"about":[{"href":"https:\/\/lavilladecolores.com\/index.php\/wp-json\/wp\/v2\/types\/page"}],"author":[{"embeddable":true,"href":"https:\/\/lavilladecolores.com\/index.php\/wp-json\/wp\/v2\/users\/1"}],"replies":[{"embeddable":true,"href":"https:\/\/lavilladecolores.com\/index.php\/wp-json\/wp\/v2\/comments?post=39"}],"version-history":[{"count":6,"href":"https:\/\/lavilladecolores.com\/index.php\/wp-json\/wp\/v2\/pages\/39\/revisions"}],"predecessor-version":[{"id":143,"href":"https:\/\/lavilladecolores.com\/index.php\/wp-json\/wp\/v2\/pages\/39\/revisions\/143"}],"wp:attachment":[{"href":"https:\/\/lavilladecolores.com\/index.php\/wp-json\/wp\/v2\/media?parent=39"}],"curies":[{"name":"wp","href":"https:\/\/api.w.org\/{rel}","templated":true}]}}